{"id":274039,"date":"2025-05-27T11:12:21","date_gmt":"2025-05-27T11:12:21","guid":{"rendered":"https:\/\/zaressports.com\/politica-de-cookies-ue\/"},"modified":"2025-05-28T09:34:21","modified_gmt":"2025-05-28T09:34:21","slug":"politica-de-cookies-ue","status":"publish","type":"page","link":"https:\/\/zaressports.com\/es\/politica-de-cookies-ue\/","title":{"rendered":"Pol\u00edtica de Cookies (UE)"},"content":{"rendered":"<p>[et_pb_section fb_built=\u00bb1&#8243; fullwidth=\u00bbon\u00bb _builder_version=\u00bb4.17.3&#8243; background_color=\u00bb#000000&#8243; global_colors_info=\u00bb{}\u00bb][et_pb_fullwidth_post_title meta=\u00bboff\u00bb featured_image=\u00bboff\u00bb _builder_version=\u00bb4.17.3&#8243; title_level=\u00bbh3&#8243; title_font=\u00bb|||on|||||\u00bb title_text_align=\u00bbcenter\u00bb title_text_color=\u00bb#ffffff\u00bb title_font_size=\u00bb30px\u00bb vertical_offset_tablet=\u00bb0&#8243; horizontal_offset_tablet=\u00bb0&#8243; custom_padding=\u00bb||115px||false|false\u00bb z_index_tablet=\u00bb0&#8243; title_text_shadow_horizontal_length_tablet=\u00bb0px\u00bb title_text_shadow_vertical_length_tablet=\u00bb0px\u00bb title_text_shadow_blur_strength_tablet=\u00bb1px\u00bb meta_text_shadow_horizontal_length_tablet=\u00bb0px\u00bb meta_text_shadow_vertical_length_tablet=\u00bb0px\u00bb meta_text_shadow_blur_strength_tablet=\u00bb1px\u00bb box_shadow_horizontal_tablet=\u00bb0px\u00bb box_shadow_vertical_tablet=\u00bb0px\u00bb box_shadow_blur_tablet=\u00bb40px\u00bb box_shadow_spread_tablet=\u00bb0px\u00bb text_shadow_horizontal_length_tablet=\u00bb0px\u00bb text_shadow_vertical_length_tablet=\u00bb0px\u00bb text_shadow_blur_strength_tablet=\u00bb1px\u00bb global_colors_info=\u00bb{}\u00bb][\/et_pb_fullwidth_post_title][\/et_pb_section][et_pb_section fb_built=\u00bb1&#8243; _builder_version=\u00bb4.16&#8243; global_colors_info=\u00bb{}\u00bb][et_pb_row _builder_version=\u00bb4.16&#8243; background_size=\u00bbinitial\u00bb background_position=\u00bbtop_left\u00bb background_repeat=\u00bbrepeat\u00bb global_colors_info=\u00bb{}\u00bb][et_pb_column type=\u00bb4_4&#8243; _builder_version=\u00bb4.16&#8243; custom_padding=\u00bb|||\u00bb global_colors_info=\u00bb{}\u00bb custom_padding__hover=\u00bb|||\u00bb][et_pb_text _builder_version=\u00bb4.27.4&#8243; background_size=\u00bbinitial\u00bb background_position=\u00bbtop_left\u00bb background_repeat=\u00bbrepeat\u00bb hover_enabled=\u00bb0&#8243; global_colors_info=\u00bb{}\u00bb sticky_enabled=\u00bb0&#8243;]<\/p>\n<p data-start=\"123\" data-end=\"470\"><span style=\"color: #000000;\">Esta Pol\u00edtica de Cookies fue actualizada por \u00faltima vez en mayo de 2025 y se aplica al sitio web <a data-start=\"222\" data-end=\"272\" class=\"\" rel=\"noopener\" target=\"_new\" href=\"https:\/\/zaressports.com\/es\/\" style=\"color: #000000;\">https:\/\/zaressports.com<\/a>, en adelante denominado \u201cel sitio\u201d), que utiliza cookies y otras tecnolog\u00edas relacionadas (por conveniencia, todas las tecnolog\u00edas se denominan \u201ccookies\u201d), colocadas por terceros que contratamos.<\/span><\/p>\n<p data-start=\"472\" data-end=\"564\"><span style=\"color: #000000;\">En los apartados siguientes, te informamos sobre el uso de cookies en nuestro sitio web.<\/span><\/p>\n<h3 data-start=\"566\" data-end=\"641\"><span style=\"color: #000000;\"><strong data-start=\"570\" data-end=\"641\">Informaci\u00f3n sobre los conceptos incluidos en la Pol\u00edtica de Cookies<\/strong><\/span><\/h3>\n<p data-start=\"643\" data-end=\"961\"><span style=\"color: #000000;\"><strong data-start=\"643\" data-end=\"655\">Cookies:<\/strong> Son archivos peque\u00f1os y simples que se env\u00edan junto con las p\u00e1ginas de este sitio web y que el navegador almacena en el disco duro de tu ordenador u otro dispositivo. La informaci\u00f3n almacenada puede ser devuelta a nuestros servidores o a los servidores de terceros relevantes durante una visita posterior.<\/span><\/p>\n<p data-start=\"963\" data-end=\"1138\"><span style=\"color: #000000;\"><strong data-start=\"963\" data-end=\"975\">Scripts:<\/strong> Son fragmentos de c\u00f3digo que permiten que nuestro sitio funcione correctamente e interactivamente. Este c\u00f3digo se ejecuta en nuestro servidor o en tu dispositivo.<\/span><\/p>\n<p data-start=\"1140\" data-end=\"1351\"><span style=\"color: #000000;\"><strong data-start=\"1140\" data-end=\"1175\">Web beacon (etiqueta de p\u00edxel):<\/strong> Es un peque\u00f1o texto invisible o imagen en un sitio web que se utiliza para monitorear el tr\u00e1fico del mismo. Para ello, se almacenan varios datos sobre ti mediante web beacons.<\/span><\/p>\n<h3 data-start=\"1358\" data-end=\"1382\"><span style=\"color: #000000;\"><strong data-start=\"1362\" data-end=\"1382\">Tipos de Cookies<\/strong><\/span><\/h3>\n<p data-start=\"1384\" data-end=\"1758\"><span style=\"color: #000000;\"><strong data-start=\"1384\" data-end=\"1432\">Cookies necesarias (t\u00e9cnicas o funcionales):<\/strong> Aseguran que ciertas partes del sitio funcionen correctamente y que tus preferencias de usuario permanezcan guardadas. Al colocar cookies funcionales, facilitamos tu visita a nuestro sitio web. As\u00ed no tendr\u00e1s que introducir repetidamente la misma informaci\u00f3n al visitarlo. Podemos colocar estas cookies sin tu consentimiento.<\/span><\/p>\n<p data-start=\"1760\" data-end=\"1948\"><span style=\"color: #000000;\"><strong data-start=\"1760\" data-end=\"1783\">Cookies anal\u00edticas:<\/strong> Se utilizan para optimizar la experiencia del sitio, obteniendo informaci\u00f3n sobre el uso de nuestro sitio web. Te pedimos permiso para colocar este tipo de cookies.<\/span><\/p>\n<p data-start=\"1950\" data-end=\"2261\"><span style=\"color: #000000;\"><strong data-start=\"1950\" data-end=\"1993\">Cookies de preferencias y de marketing:<\/strong> Son cookies u otras formas de almacenamiento local que se utilizan para crear perfiles de usuario con el fin de mostrar publicidad o rastrear al usuario en este o en varios sitios con fines de marketing similares. Te pedimos permiso para colocar este tipo de cookies.<\/span><\/p>\n<h3 data-start=\"2268\" data-end=\"2290\"><span style=\"color: #000000;\"><strong data-start=\"2272\" data-end=\"2290\">Redes Sociales<\/strong><\/span><\/h3>\n<p data-start=\"2292\" data-end=\"2723\"><span style=\"color: #000000;\">Podemos incluir en el sitio contenido de Facebook, Instagram y\/o WhatsApp para promocionar p\u00e1ginas web (por ejemplo, \u201cme gusta\u201d, \u201cpin\u201d) o compartirlas (por ejemplo, \u201ctuitear\u201d) en redes sociales como Facebook, Instagram y WhatsApp. Este contenido se incrusta con c\u00f3digo derivado de Facebook, Instagram y WhatsApp y coloca cookies. Este contenido puede almacenar y procesar cierta informaci\u00f3n para fines publicitarios personalizados.<\/span><\/p>\n<p data-start=\"2725\" data-end=\"3041\"><span style=\"color: #000000;\">Por favor, lee las declaraciones de privacidad de estas redes sociales (que pueden cambiar regularmente) para saber qu\u00e9 hacen con tus datos (personales) que procesan mediante estas cookies. Los datos recogidos se anonimizan en la medida de lo posible. Facebook, Instagram y WhatsApp est\u00e1n ubicados en Estados Unidos.<\/span><\/p>\n<h3 data-start=\"3048\" data-end=\"3070\"><span style=\"color: #000000;\"><strong data-start=\"3052\" data-end=\"3070\">Consentimiento<\/strong><\/span><\/h3>\n<p data-start=\"3072\" data-end=\"3539\"><span style=\"color: #000000;\">Cuando visites nuestro sitio por primera vez, mostraremos una ventana emergente para autorizar los tipos de cookies que utilizamos en el sitio. Tan pronto como hagas clic en \u201cGuardar preferencias\u201d, nos autorizas a utilizar las categor\u00edas de cookies y plugins seleccionados en dicha ventana, tal como se describe en esta Pol\u00edtica de Cookies. Puedes desactivar el uso de cookies desde tu navegador, pero ten en cuenta que nuestro sitio puede no funcionar correctamente.<\/span><\/p>\n<h3 data-start=\"3546\" data-end=\"3613\"><span style=\"color: #000000;\"><strong data-start=\"3550\" data-end=\"3613\">Pol\u00edtica de Privacidad y Protecci\u00f3n de tus Datos Personales<\/strong><\/span><\/h3>\n<p data-start=\"3615\" data-end=\"3676\"><span style=\"color: #000000;\">Consulta en nuestro sitio web nuestra <a href=\"https:\/\/zaressports.com\/es\/politica-de-privacidad\/\" target=\"_blank\" rel=\"noopener\" style=\"color: #000000;\">pol\u00edtica de privacidad<\/a>.<\/span><\/p>\n<h3 data-start=\"3683\" data-end=\"3708\"><span style=\"color: #000000;\"><strong data-start=\"3687\" data-end=\"3708\">Datos de Contacto<\/strong><\/span><\/h3>\n<p data-start=\"3710\" data-end=\"3849\"><span style=\"color: #000000;\">Para preguntas y\/o comentarios sobre nuestra Pol\u00edtica de Cookies y esta declaraci\u00f3n, por favor cont\u00e1ctanos utilizando los siguientes datos:<\/span><\/p>\n<p data-start=\"3851\" data-end=\"4124\"><span style=\"color: #000000;\"><strong data-start=\"3851\" data-end=\"3876\">Nombre de la empresa:<\/strong> Zares Portugal \u2013 Const. C\u00edvil &amp; Servicios en General, Lda<\/span><br data-start=\"3934\" data-end=\"3937\" \/><span style=\"color: #000000;\"><strong data-start=\"3937\" data-end=\"3955\">N\u00famero Fiscal:<\/strong> 514575573<\/span><br data-start=\"3965\" data-end=\"3968\" \/><span style=\"color: #000000;\"><strong data-start=\"3968\" data-end=\"3982\">Direcci\u00f3n:<\/strong> Rua Carvalho Freirinha n\u00ba 67<\/span><br data-start=\"4011\" data-end=\"4014\" \/><span style=\"color: #000000;\"><strong data-start=\"4014\" data-end=\"4032\">C\u00f3digo Postal:<\/strong> 2800-676 Almada<\/span><br data-start=\"4048\" data-end=\"4051\" \/><span style=\"color: #000000;\"><strong data-start=\"4051\" data-end=\"4074\">Correo electr\u00f3nico:<\/strong> <a data-start=\"4075\" data-end=\"4099\" class=\"cursor-pointer\" rel=\"noopener\" style=\"color: #000000;\">zares.portugal@gmail.com<\/a>; <a data-start=\"4101\" data-end=\"4124\" class=\"cursor-pointer\" rel=\"noopener\" style=\"color: #000000;\">info@zaressolutions.com<\/a><\/span><\/p>\n<p>[\/et_pb_text][\/et_pb_column][\/et_pb_row][\/et_pb_section]<\/p>\n","protected":false},"excerpt":{"rendered":"<p>Esta Pol\u00edtica de Cookies fue actualizada por \u00faltima vez en mayo de 2025 y se aplica al sitio web https:\/\/zaressports.com, en adelante denominado \u201cel sitio\u201d), que utiliza cookies y otras tecnolog\u00edas relacionadas (por conveniencia, todas las tecnolog\u00edas se denominan \u201ccookies\u201d), colocadas por terceros que contratamos. En los apartados siguientes, te informamos sobre el uso de [&hellip;]<\/p>\n","protected":false},"author":1,"featured_media":0,"parent":0,"menu_order":0,"comment_status":"closed","ping_status":"closed","template":"","meta":{"_et_pb_use_builder":"on","_et_pb_old_content":"<!-- wp:complianz\/document {\"title\":\"Pol\u00edtica de Cookies (UE)\",\"selectedDocument\":\"cookie-statement\"} \/-->","_et_gb_content_width":"","footnotes":""},"class_list":["post-274039","page","type-page","status-publish","hentry"],"_links":{"self":[{"href":"https:\/\/zaressports.com\/es\/wp-json\/wp\/v2\/pages\/274039","targetHints":{"allow":["GET"]}}],"collection":[{"href":"https:\/\/zaressports.com\/es\/wp-json\/wp\/v2\/pages"}],"about":[{"href":"https:\/\/zaressports.com\/es\/wp-json\/wp\/v2\/types\/page"}],"author":[{"embeddable":true,"href":"https:\/\/zaressports.com\/es\/wp-json\/wp\/v2\/users\/1"}],"replies":[{"embeddable":true,"href":"https:\/\/zaressports.com\/es\/wp-json\/wp\/v2\/comments?post=274039"}],"version-history":[{"count":2,"href":"https:\/\/zaressports.com\/es\/wp-json\/wp\/v2\/pages\/274039\/revisions"}],"predecessor-version":[{"id":274050,"href":"https:\/\/zaressports.com\/es\/wp-json\/wp\/v2\/pages\/274039\/revisions\/274050"}],"wp:attachment":[{"href":"https:\/\/zaressports.com\/es\/wp-json\/wp\/v2\/media?parent=274039"}],"curies":[{"name":"wp","href":"https:\/\/api.w.org\/{rel}","templated":true}]}}